{"id":317,"date":"2024-09-04T21:24:14","date_gmt":"2024-09-04T21:24:14","guid":{"rendered":"https:\/\/institutosuperar.com.br\/?page_id=317"},"modified":"2024-09-04T21:29:51","modified_gmt":"2024-09-04T21:29:51","slug":"ods","status":"publish","type":"page","link":"https:\/\/institutosuperar.com.br\/index.php\/ods\/","title":{"rendered":"ODS"},"content":{"rendered":"\t\t<div data-elementor-type=\"wp-page\" data-elementor-id=\"317\" class=\"elementor elementor-317\" data-elementor-post-type=\"page\">\n\t\t\t\t<div class=\"elementor-element elementor-element-8e666a7 e-flex e-con-boxed e-con e-parent\" data-id=\"8e666a7\" data-element_type=\"container\" data-settings=\"{&quot;background_background&quot;:&quot;classic&quot;}\">\n\t\t\t\t\t<div class=\"e-con-inner\">\n\t\t\t\t<div class=\"elementor-element elementor-element-6bc800a elementor-widget elementor-widget-heading\" data-id=\"6bc800a\" data-element_type=\"widget\" data-widget_type=\"heading.default\">\n\t\t\t\t<div class=\"elementor-widget-container\">\n\t\t\t\t\t<h2 class=\"elementor-heading-title elementor-size-default\">ODS<\/h2>\t\t\t\t<\/div>\n\t\t\t\t<\/div>\n\t\t\t\t<div class=\"elementor-element elementor-element-bb3040b elementor-widget elementor-widget-heading\" data-id=\"bb3040b\" data-element_type=\"widget\" data-widget_type=\"heading.default\">\n\t\t\t\t<div class=\"elementor-widget-container\">\n\t\t\t\t\t<h2 class=\"elementor-heading-title elementor-size-default\">Objetivos de Desenvolvimento Sustent\u00e1vel: <\/h2>\t\t\t\t<\/div>\n\t\t\t\t<\/div>\n\t\t\t\t<div class=\"elementor-element elementor-element-99958c9 elementor-widget elementor-widget-text-editor\" data-id=\"99958c9\" data-element_type=\"widget\" data-widget_type=\"text-editor.default\">\n\t\t\t\t<div class=\"elementor-widget-container\">\n\t\t\t\t\t\t\t\t\t<p>N\u00e3o vamos deixar ningu\u00e9m para tr\u00e1s<\/p>\t\t\t\t\t\t\t\t<\/div>\n\t\t\t\t<\/div>\n\t\t\t\t<div class=\"elementor-element elementor-element-c415779 elementor-widget elementor-widget-image\" data-id=\"c415779\" data-element_type=\"widget\" data-widget_type=\"image.default\">\n\t\t\t\t<div class=\"elementor-widget-container\">\n\t\t\t\t\t\t\t\t\t\t\t\t\t\t\t\t<a href=\"https:\/\/institutosuperar.com.br\/wp-content\/uploads\/2024\/09\/ODS.png\" data-elementor-open-lightbox=\"yes\" data-elementor-lightbox-title=\"ODS\" data-e-action-hash=\"#elementor-action%3Aaction%3Dlightbox%26settings%3DeyJpZCI6MzE5LCJ1cmwiOiJodHRwczpcL1wvaW5zdGl0dXRvc3VwZXJhci5jb20uYnJcL3dwLWNvbnRlbnRcL3VwbG9hZHNcLzIwMjRcLzA5XC9PRFMucG5nIn0%3D\">\n\t\t\t\t\t\t\t<img fetchpriority=\"high\" decoding=\"async\" width=\"568\" height=\"281\" src=\"https:\/\/institutosuperar.com.br\/wp-content\/uploads\/2024\/09\/ODS.png\" class=\"attachment-large size-large wp-image-319\" alt=\"\" srcset=\"https:\/\/institutosuperar.com.br\/wp-content\/uploads\/2024\/09\/ODS.png 568w, https:\/\/institutosuperar.com.br\/wp-content\/uploads\/2024\/09\/ODS-300x148.png 300w\" sizes=\"(max-width: 568px) 100vw, 568px\" \/>\t\t\t\t\t\t\t\t<\/a>\n\t\t\t\t\t\t\t\t\t\t\t\t\t\t\t<\/div>\n\t\t\t\t<\/div>\n\t\t<div class=\"elementor-element elementor-element-14aa066 e-con-full e-flex e-con e-child\" data-id=\"14aa066\" data-element_type=\"container\">\n\t\t\t\t<div class=\"elementor-element elementor-element-bd12037 elementor-blockquote--skin-boxed elementor-blockquote--button-view-text elementor-blockquote--button-skin-link elementor-widget elementor-widget-blockquote\" data-id=\"bd12037\" data-element_type=\"widget\" data-widget_type=\"blockquote.default\">\n\t\t\t\t<div class=\"elementor-widget-container\">\n\t\t\t\t\t\t\t<blockquote class=\"elementor-blockquote\">\n\t\t\t<p class=\"elementor-blockquote__content\">\n\t\t\t\tOs Objetivos de Desenvolvimento Sustent\u00e1vel (ODS) foram estabelecidos em 2015 durante a C\u00fapula das Na\u00e7\u00f5es Unidas sobre Desenvolvimento Sustent\u00e1vel. Os ODS entraram em vigor em 2016 e tem validade at\u00e9 2030, passando ent\u00e3o a substituir os Objetivos de Desenvolvimento do Mil\u00eanio (ODM), que tiveram vig\u00eancia entre 2000 e 2015. Os ODS s\u00e3o compostos por 169 metas divididas entre 17 objetivos que levam em conta o desenvolvimento sustent\u00e1vel em suas dimens\u00f5es social, ambiental e econ\u00f4mica.\n<BR><BR>\n\nOs ODS foram estabelecidos com o intuito de \u201cn\u00e3o deixar ningu\u00e9m para tr\u00e1s\u201d, ou seja, a ideia \u00e9 que sejam metas inclusivas quanto a g\u00eanero, idade, ra\u00e7a, religi\u00e3o e pessoas com defici\u00eancia. O empoderamento das pessoas vulner\u00e1veis \u00e9 chave para que os ODS sejam cumpridos. O acesso de todos e todas \u00e0 educa\u00e7\u00e3o, sa\u00fade, emprego, transporte e espa\u00e7os p\u00fablicos deve ser igual. A inclus\u00e3o social, econ\u00f4mica e pol\u00edtica e a igualdade de oportunidades e redu\u00e7\u00e3o de desigualdades de resultados, de acordo com o \u201cObjetivo 10: Reduzir a desigualdade dentro dos pa\u00edses e entre eles\u201d, deve ocorrer para todos e todas.\n\n<BR><BR>\n\nOs ODS s\u00e3o uma oportunidade para que cidades, estados, pa\u00edses, organiza\u00e7\u00f5es n\u00e3o governamentais e sociedade civil implementem metas comuns na dire\u00e7\u00e3o do desenvolvimento sustent\u00e1vel. Toda a sociedade pode contribuir para a implementa\u00e7\u00e3o dos ODS, essa \u00e9 uma for\u00e7a-tarefa coletiva e que inclui todos os cidad\u00e3os. Muitas organiza\u00e7\u00f5es no Brasil est\u00e3o trabalhando com os ODS, n\u00e3o s\u00f3 com o esfor\u00e7o para sua implementa\u00e7\u00e3o, mas tamb\u00e9m com a conscientiza\u00e7\u00e3o sobre esse novo momento na Agenda Internacional. Os ODS podem ser traduzidos para cidades, empresas e ONGs, por exemplo, possibilitando que essas organiza\u00e7\u00f5es usem as metas para promo\u00e7\u00e3o de melhores pr\u00e1ticas. Vamos tornar os ODS uma agenda de todos n\u00f3s? Fica aqui o convite para todos e todas colaborarem como puderem!\n\n\t\t\t<\/p>\n\t\t\t\t\t\t\t<div class=\"e-q-footer\">\n\t\t\t\t\t\t\t\t\t\t\t<cite class=\"elementor-blockquote__author\">Por: Daphne Costa Besen<\/cite>\n\t\t\t\t\t\t\t\t\t\t\t\t\t\t\t\t<a href=\"https:\/\/twitter.com\/intent\/tweet?text=Os%20Objetivos%20de%20Desenvolvimento%20Sustent%C3%A1vel%20%28ODS%29%20foram%20estabelecidos%20em%202015%20durante%20a%20C%C3%BApula%20das%20Na%C3%A7%C3%B5es%20Unidas%20sobre%20Desenvolvimento%20Sustent%C3%A1vel.%20Os%20ODS%20entraram%20em%20vigor%20em%202016%20e%20tem%20validade%20at%C3%A9%202030%2C%20passando%20ent%C3%A3o%20a%20substituir%20os%20Objetivos%20de%20Desenvolvimento%20do%20Mil%C3%AAnio%20%28ODM%29%2C%20que%20tiveram%20vig%C3%AAncia%20entre%202000%20e%202015.%20Os%20ODS%20s%C3%A3o%20compostos%20por%20169%20metas%20divididas%20entre%2017%20objetivos%20que%20levam%20em%20conta%20o%20desenvolvimento%20sustent%C3%A1vel%20em%20suas%20dimens%C3%B5es%20social%2C%20ambiental%20e%20econ%C3%B4mica.%0A%3CBR%3E%3CBR%3E%0A%0AOs%20ODS%20foram%20estabelecidos%20com%20o%20intuito%20de%20%E2%80%9Cn%C3%A3o%20deixar%20ningu%C3%A9m%20para%20tr%C3%A1s%E2%80%9D%2C%20ou%20seja%2C%20a%20ideia%20%C3%A9%20que%20sejam%20metas%20inclusivas%20quanto%20a%20g%C3%AAnero%2C%20idade%2C%20ra%C3%A7a%2C%20religi%C3%A3o%20e%20pessoas%20com%20defici%C3%AAncia.%20O%20empoderamento%20das%20pessoas%20vulner%C3%A1veis%20%C3%A9%20chave%20para%20que%20os%20ODS%20sejam%20cumpridos.%20O%20acesso%20de%20todos%20e%20todas%20%C3%A0%20educa%C3%A7%C3%A3o%2C%20sa%C3%BAde%2C%20emprego%2C%20transporte%20e%20espa%C3%A7os%20p%C3%BAblicos%20deve%20ser%20igual.%20A%20inclus%C3%A3o%20social%2C%20econ%C3%B4mica%20e%20pol%C3%ADtica%20e%20a%20igualdade%20de%20oportunidades%20e%20redu%C3%A7%C3%A3o%20de%20desigualdades%20de%20resultados%2C%20de%20acordo%20com%20o%20%E2%80%9CObjetivo%2010%3A%20Reduzir%20a%20desigualdade%20dentro%20dos%20pa%C3%ADses%20e%20entre%20eles%E2%80%9D%2C%20deve%20ocorrer%20para%20todos%20e%20todas.%0A%0A%3CBR%3E%3CBR%3E%0A%0AOs%20ODS%20s%C3%A3o%20uma%20oportunidade%20para%20que%20cidades%2C%20estados%2C%20pa%C3%ADses%2C%20organiza%C3%A7%C3%B5es%20n%C3%A3o%20governamentais%20e%20sociedade%20civil%20implementem%20metas%20comuns%20na%20dire%C3%A7%C3%A3o%20do%20desenvolvimento%20sustent%C3%A1vel.%20Toda%20a%20sociedade%20pode%20contribuir%20para%20a%20implementa%C3%A7%C3%A3o%20dos%20ODS%2C%20essa%20%C3%A9%20uma%20for%C3%A7a-tarefa%20coletiva%20e%20que%20inclui%20todos%20os%20cidad%C3%A3os.%20Muitas%20organiza%C3%A7%C3%B5es%20no%20Brasil%20est%C3%A3o%20trabalhando%20com%20os%20ODS%2C%20n%C3%A3o%20s%C3%B3%20com%20o%20esfor%C3%A7o%20para%20sua%20implementa%C3%A7%C3%A3o%2C%20mas%20tamb%C3%A9m%20com%20a%20conscientiza%C3%A7%C3%A3o%20sobre%20esse%20novo%20momento%20na%20Agenda%20Internacional.%20Os%20ODS%20podem%20ser%20traduzidos%20para%20cidades%2C%20empresas%20e%20ONGs%2C%20por%20exemplo%2C%20possibilitando%20que%20essas%20organiza%C3%A7%C3%B5es%20usem%20as%20metas%20para%20promo%C3%A7%C3%A3o%20de%20melhores%20pr%C3%A1ticas.%20Vamos%20tornar%20os%20ODS%20uma%20agenda%20de%20todos%20n%C3%B3s%3F%20Fica%20aqui%20o%20convite%20para%20todos%20e%20todas%20colaborarem%20como%20puderem%21%0A%0A \u2014 Por: Daphne Costa Besen\" class=\"elementor-blockquote__tweet-button\" target=\"_blank\">\n\t\t\t\t\t\t\t\t\t\t\t\t\t\t\t\t\t\t\t\t\t\t<span class=\"elementor-blockquote__tweet-label\"><\/span>\n\t\t\t\t\t\t\t\t\t\t\t\t\t<\/a>\n\t\t\t\t\t\t\t\t\t<\/div>\n\t\t\t\t\t<\/blockquote>\n\t\t\t\t\t\t<\/div>\n\t\t\t\t<\/div>\n\t\t\t\t<\/div>\n\t\t\t\t\t<\/div>\n\t\t\t\t<\/div>\n\t\t\t\t<\/div>\n\t\t","protected":false},"excerpt":{"rendered":"<p>ODS Objetivos de Desenvolvimento Sustent\u00e1vel: N\u00e3o vamos deixar ningu\u00e9m para tr\u00e1s Os Objetivos de Desenvolvimento Sustent\u00e1vel (ODS) foram estabelecidos em 2015 durante a C\u00fapula das Na\u00e7\u00f5es Unidas sobre Desenvolvimento Sustent\u00e1vel. Os ODS entraram em vigor em 2016 e tem validade at\u00e9 2030, passando ent\u00e3o a substituir os Objetivos de Desenvolvimento do Mil\u00eanio (ODM), que tiveram [&hellip;]<\/p>\n","protected":false},"author":1,"featured_media":0,"parent":0,"menu_order":0,"comment_status":"closed","ping_status":"closed","template":"","meta":{"footnotes":""},"class_list":["post-317","page","type-page","status-publish","hentry"],"_links":{"self":[{"href":"https:\/\/institutosuperar.com.br\/index.php\/wp-json\/wp\/v2\/pages\/317","targetHints":{"allow":["GET"]}}],"collection":[{"href":"https:\/\/institutosuperar.com.br\/index.php\/wp-json\/wp\/v2\/pages"}],"about":[{"href":"https:\/\/institutosuperar.com.br\/index.php\/wp-json\/wp\/v2\/types\/page"}],"author":[{"embeddable":true,"href":"https:\/\/institutosuperar.com.br\/index.php\/wp-json\/wp\/v2\/users\/1"}],"replies":[{"embeddable":true,"href":"https:\/\/institutosuperar.com.br\/index.php\/wp-json\/wp\/v2\/comments?post=317"}],"version-history":[{"count":4,"href":"https:\/\/institutosuperar.com.br\/index.php\/wp-json\/wp\/v2\/pages\/317\/revisions"}],"predecessor-version":[{"id":322,"href":"https:\/\/institutosuperar.com.br\/index.php\/wp-json\/wp\/v2\/pages\/317\/revisions\/322"}],"wp:attachment":[{"href":"https:\/\/institutosuperar.com.br\/index.php\/wp-json\/wp\/v2\/media?parent=317"}],"curies":[{"name":"wp","href":"https:\/\/api.w.org\/{rel}","templated":true}]}}